{"id":6030,"date":"2025-02-11T15:19:21","date_gmt":"2025-02-11T18:19:21","guid":{"rendered":"https:\/\/www.ipae.com.br\/ipae\/?page_id=6030"},"modified":"2025-02-11T15:19:26","modified_gmt":"2025-02-11T18:19:26","slug":"assessoriaeconsultoria","status":"publish","type":"page","link":"https:\/\/www.ipae.com.br\/ipae\/assessoriaeconsultoria\/","title":{"rendered":"Assessoria e Consultoria"},"content":{"rendered":"<div id=\"dslc-theme-content\"><div id=\"dslc-theme-content-inner\">\n<p>EM BREVE UMA NOVA P\u00c1GINA. . .<\/p>\n<\/div><\/div>","protected":false},"excerpt":{"rendered":"<p>EM BREVE UMA NOVA P\u00c1GINA. . .<\/p>\n","protected":false},"author":1,"featured_media":0,"parent":0,"menu_order":0,"comment_status":"closed","ping_status":"closed","template":"","meta":[],"yoast_head":"<!-- This site is optimized with the Yoast SEO plugin v21.1 - https:\/\/yoast.com\/wordpress\/plugins\/seo\/ -->\n<title>Assessoria e Consultoria - IPAE - Instituto de Pesquisas e Administra\u00e7\u00e3o da Educa\u00e7\u00e3o<\/title>\n<meta name=\"robots\" content=\"index, follow, max-snippet:-1, max-image-preview:large, max-video-preview:-1\" \/>\n<link rel=\"canonical\" href=\"https:\/\/www.ipae.com.br\/ipae\/assessoriaeconsultoria\/\" \/>\n<meta property=\"og:locale\" content=\"pt_BR\" \/>\n<meta property=\"og:type\" content=\"article\" \/>\n<meta property=\"og:title\" content=\"Assessoria e Consultoria - IPAE - Instituto de Pesquisas e Administra\u00e7\u00e3o da Educa\u00e7\u00e3o\" \/>\n<meta property=\"og:description\" content=\"EM BREVE UMA NOVA P\u00c1GINA. . .\" \/>\n<meta property=\"og:url\" content=\"https:\/\/www.ipae.com.br\/ipae\/assessoriaeconsultoria\/\" \/>\n<meta property=\"og:site_name\" content=\"IPAE - Instituto de Pesquisas e Administra\u00e7\u00e3o da Educa\u00e7\u00e3o\" \/>\n<meta property=\"article:publisher\" content=\"https:\/\/www.facebook.com\/ipae.comunicacao\/\" \/>\n<meta property=\"article:modified_time\" content=\"2025-02-11T18:19:26+00:00\" \/>\n<meta name=\"twitter:card\" content=\"summary_large_image\" \/>\n<meta name=\"twitter:site\" content=\"@ipaeduc\" \/>\n<meta name=\"twitter:label1\" content=\"Est. tempo de leitura\" \/>\n\t<meta name=\"twitter:data1\" content=\"1 minuto\" \/>\n<script type=\"application\/ld+json\" class=\"yoast-schema-graph\">{\"@context\":\"https:\/\/schema.org\",\"@graph\":[{\"@type\":\"WebPage\",\"@id\":\"https:\/\/www.ipae.com.br\/ipae\/assessoriaeconsultoria\/\",\"url\":\"https:\/\/www.ipae.com.br\/ipae\/assessoriaeconsultoria\/\",\"name\":\"Assessoria e Consultoria - IPAE - Instituto de Pesquisas e Administra\u00e7\u00e3o da Educa\u00e7\u00e3o\",\"isPartOf\":{\"@id\":\"https:\/\/www.ipae.com.br\/ipae\/#website\"},\"datePublished\":\"2025-02-11T18:19:21+00:00\",\"dateModified\":\"2025-02-11T18:19:26+00:00\",\"breadcrumb\":{\"@id\":\"https:\/\/www.ipae.com.br\/ipae\/assessoriaeconsultoria\/#breadcrumb\"},\"inLanguage\":\"pt-BR\",\"potentialAction\":[{\"@type\":\"ReadAction\",\"target\":[\"https:\/\/www.ipae.com.br\/ipae\/assessoriaeconsultoria\/\"]}]},{\"@type\":\"BreadcrumbList\",\"@id\":\"https:\/\/www.ipae.com.br\/ipae\/assessoriaeconsultoria\/#breadcrumb\",\"itemListElement\":[{\"@type\":\"ListItem\",\"position\":1,\"name\":\"In\u00edcio\",\"item\":\"https:\/\/www.ipae.com.br\/ipae\/\"},{\"@type\":\"ListItem\",\"position\":2,\"name\":\"Assessoria e Consultoria\"}]},{\"@type\":\"WebSite\",\"@id\":\"https:\/\/www.ipae.com.br\/ipae\/#website\",\"url\":\"https:\/\/www.ipae.com.br\/ipae\/\",\"name\":\"IPAE - Instituto de Pesquisas e Administra\u00e7\u00e3o da Educa\u00e7\u00e3o\",\"description\":\"\",\"publisher\":{\"@id\":\"https:\/\/www.ipae.com.br\/ipae\/#organization\"},\"potentialAction\":[{\"@type\":\"SearchAction\",\"target\":{\"@type\":\"EntryPoint\",\"urlTemplate\":\"https:\/\/www.ipae.com.br\/ipae\/?s={search_term_string}\"},\"query-input\":\"required name=search_term_string\"}],\"inLanguage\":\"pt-BR\"},{\"@type\":\"Organization\",\"@id\":\"https:\/\/www.ipae.com.br\/ipae\/#organization\",\"name\":\"IPAE - Instituto de Pesquisas e Administra\u00e7\u00e3o da Educa\u00e7\u00e3o\",\"url\":\"https:\/\/www.ipae.com.br\/ipae\/\",\"logo\":{\"@type\":\"ImageObject\",\"inLanguage\":\"pt-BR\",\"@id\":\"https:\/\/www.ipae.com.br\/ipae\/#\/schema\/logo\/image\/\",\"url\":\"http:\/\/www.ipae.com.br\/ipae\/wp-content\/uploads\/2020\/03\/logo_ipae_oficial-1.png\",\"contentUrl\":\"http:\/\/www.ipae.com.br\/ipae\/wp-content\/uploads\/2020\/03\/logo_ipae_oficial-1.png\",\"width\":380,\"height\":122,\"caption\":\"IPAE - Instituto de Pesquisas e Administra\u00e7\u00e3o da Educa\u00e7\u00e3o\"},\"image\":{\"@id\":\"https:\/\/www.ipae.com.br\/ipae\/#\/schema\/logo\/image\/\"},\"sameAs\":[\"https:\/\/www.facebook.com\/ipae.comunicacao\/\",\"https:\/\/twitter.com\/ipaeduc\",\"https:\/\/www.youtube.com\/channel\/UCaPztGYiarI6qGG-Kl-Lv3Q\"]}]}<\/script>\n<!-- \/ Yoast SEO plugin. -->","yoast_head_json":{"title":"Assessoria e Consultoria - IPAE - Instituto de Pesquisas e Administra\u00e7\u00e3o da Educa\u00e7\u00e3o","robots":{"index":"index","follow":"follow","max-snippet":"max-snippet:-1","max-image-preview":"max-image-preview:large","max-video-preview":"max-video-preview:-1"},"canonical":"https:\/\/www.ipae.com.br\/ipae\/assessoriaeconsultoria\/","og_locale":"pt_BR","og_type":"article","og_title":"Assessoria e Consultoria - IPAE - Instituto de Pesquisas e Administra\u00e7\u00e3o da Educa\u00e7\u00e3o","og_description":"EM BREVE UMA NOVA P\u00c1GINA. . .","og_url":"https:\/\/www.ipae.com.br\/ipae\/assessoriaeconsultoria\/","og_site_name":"IPAE - Instituto de Pesquisas e Administra\u00e7\u00e3o da Educa\u00e7\u00e3o","article_publisher":"https:\/\/www.facebook.com\/ipae.comunicacao\/","article_modified_time":"2025-02-11T18:19:26+00:00","twitter_card":"summary_large_image","twitter_site":"@ipaeduc","twitter_misc":{"Est. tempo de leitura":"1 minuto"},"schema":{"@context":"https:\/\/schema.org","@graph":[{"@type":"WebPage","@id":"https:\/\/www.ipae.com.br\/ipae\/assessoriaeconsultoria\/","url":"https:\/\/www.ipae.com.br\/ipae\/assessoriaeconsultoria\/","name":"Assessoria e Consultoria - IPAE - Instituto de Pesquisas e Administra\u00e7\u00e3o da Educa\u00e7\u00e3o","isPartOf":{"@id":"https:\/\/www.ipae.com.br\/ipae\/#website"},"datePublished":"2025-02-11T18:19:21+00:00","dateModified":"2025-02-11T18:19:26+00:00","breadcrumb":{"@id":"https:\/\/www.ipae.com.br\/ipae\/assessoriaeconsultoria\/#breadcrumb"},"inLanguage":"pt-BR","potentialAction":[{"@type":"ReadAction","target":["https:\/\/www.ipae.com.br\/ipae\/assessoriaeconsultoria\/"]}]},{"@type":"BreadcrumbList","@id":"https:\/\/www.ipae.com.br\/ipae\/assessoriaeconsultoria\/#breadcrumb","itemListElement":[{"@type":"ListItem","position":1,"name":"In\u00edcio","item":"https:\/\/www.ipae.com.br\/ipae\/"},{"@type":"ListItem","position":2,"name":"Assessoria e Consultoria"}]},{"@type":"WebSite","@id":"https:\/\/www.ipae.com.br\/ipae\/#website","url":"https:\/\/www.ipae.com.br\/ipae\/","name":"IPAE - Instituto de Pesquisas e Administra\u00e7\u00e3o da Educa\u00e7\u00e3o","description":"","publisher":{"@id":"https:\/\/www.ipae.com.br\/ipae\/#organization"},"potentialAction":[{"@type":"SearchAction","target":{"@type":"EntryPoint","urlTemplate":"https:\/\/www.ipae.com.br\/ipae\/?s={search_term_string}"},"query-input":"required name=search_term_string"}],"inLanguage":"pt-BR"},{"@type":"Organization","@id":"https:\/\/www.ipae.com.br\/ipae\/#organization","name":"IPAE - Instituto de Pesquisas e Administra\u00e7\u00e3o da Educa\u00e7\u00e3o","url":"https:\/\/www.ipae.com.br\/ipae\/","logo":{"@type":"ImageObject","inLanguage":"pt-BR","@id":"https:\/\/www.ipae.com.br\/ipae\/#\/schema\/logo\/image\/","url":"http:\/\/www.ipae.com.br\/ipae\/wp-content\/uploads\/2020\/03\/logo_ipae_oficial-1.png","contentUrl":"http:\/\/www.ipae.com.br\/ipae\/wp-content\/uploads\/2020\/03\/logo_ipae_oficial-1.png","width":380,"height":122,"caption":"IPAE - Instituto de Pesquisas e Administra\u00e7\u00e3o da Educa\u00e7\u00e3o"},"image":{"@id":"https:\/\/www.ipae.com.br\/ipae\/#\/schema\/logo\/image\/"},"sameAs":["https:\/\/www.facebook.com\/ipae.comunicacao\/","https:\/\/twitter.com\/ipaeduc","https:\/\/www.youtube.com\/channel\/UCaPztGYiarI6qGG-Kl-Lv3Q"]}]}},"_links":{"self":[{"href":"https:\/\/www.ipae.com.br\/ipae\/wp-json\/wp\/v2\/pages\/6030"}],"collection":[{"href":"https:\/\/www.ipae.com.br\/ipae\/wp-json\/wp\/v2\/pages"}],"about":[{"href":"https:\/\/www.ipae.com.br\/ipae\/wp-json\/wp\/v2\/types\/page"}],"author":[{"embeddable":true,"href":"https:\/\/www.ipae.com.br\/ipae\/wp-json\/wp\/v2\/users\/1"}],"replies":[{"embeddable":true,"href":"https:\/\/www.ipae.com.br\/ipae\/wp-json\/wp\/v2\/comments?post=6030"}],"version-history":[{"count":1,"href":"https:\/\/www.ipae.com.br\/ipae\/wp-json\/wp\/v2\/pages\/6030\/revisions"}],"predecessor-version":[{"id":6031,"href":"https:\/\/www.ipae.com.br\/ipae\/wp-json\/wp\/v2\/pages\/6030\/revisions\/6031"}],"wp:attachment":[{"href":"https:\/\/www.ipae.com.br\/ipae\/wp-json\/wp\/v2\/media?parent=6030"}],"curies":[{"name":"wp","href":"https:\/\/api.w.org\/{rel}","templated":true}]}}