{"id":2206,"date":"2021-02-01T13:30:10","date_gmt":"2021-02-01T16:30:10","guid":{"rendered":"http:\/\/www.ipae.com.br\/ipae\/carta-mensal-educacional-copy\/"},"modified":"2022-03-09T17:47:43","modified_gmt":"2022-03-09T20:47:43","slug":"carta-mensal-educacional-anteriores","status":"publish","type":"page","link":"https:\/\/www.ipae.com.br\/ipae\/carta-mensal-educacional-anteriores\/","title":{"rendered":"Carta Mensal Educacional - anteriores"},"content":{"rendered":"<div id=\"dslc-theme-content\"><div id=\"dslc-theme-content-inner\"><div id=\"dslc-main\">\n<div  class=\"dslc-modules-section \" style=\"\" data-section-id=\"36c91aa494b\">\n<div class=\"dslc-modules-section-wrapper dslc-clearfix\">\n<div class=\"dslc-modules-area dslc-col dslc-12-col dslc-last-col dslc-valign- \" data-size=\"12\" data-valign=\"\">\n<div id=\"dslc-module-5ff9f627a5e\" class=\"dslc-module-front dslc-module-DSLC_TP_Title dslc-in-viewport-check dslc-in-viewport-anim-none  dslc-col dslc-12-col dslc-last-col  dslc-module-handle-like-regular \" data-module-id=\"5ff9f627a5e\" data-module=\"DSLC_TP_Title\" data-dslc-module-size=\"12\" data-dslc-anim=\"none\" data-dslc-anim-delay=\"\" data-dslc-anim-duration=\"650\"  data-dslc-anim-easing=\"ease\" data-dslc-preset=\"none\" >\n<div class=\"dslc-tp-title\">\n<div class=\"dslc-tp-title\">\n<h1>Carta Mensal Educacional - anteriores<\/h1>\n<\/div><\/div>\n<\/p><\/div>\n<p><!-- .dslc-module --><\/p>\n<div id=\"dslc-module-be613b032fe\" class=\"dslc-module-front dslc-module-DSLC_Separator dslc-in-viewport-check dslc-in-viewport-anim-none  dslc-col dslc-1-col  dslc-module-handle-like-regular \" data-module-id=\"be613b032fe\" data-module=\"DSLC_Separator\" data-dslc-module-size=\"1\" data-dslc-anim=\"none\" data-dslc-anim-delay=\"0\" data-dslc-anim-duration=\"650\"  data-dslc-anim-easing=\"ease\" data-dslc-preset=\"none\" >\n<div class=\"dslc-separator-wrapper\">\n<div class=\"dslc-separator dslc-separator-style-invisible\">\n\t\t\t\t\t\t\t\t\t<\/div>\n<div><\/div>\n<\/p><\/div>\n<p><!-- .dslc-separator-wrapper --><\/p><\/div>\n<p><!-- .dslc-module --><\/p>\n<div id=\"dslc-module-609b913000f\" class=\"dslc-module-front dslc-module-DSLC_TP_Content dslc-in-viewport-check dslc-in-viewport-anim-none  dslc-col dslc-10-col  dslc-module-handle-like-regular \" data-module-id=\"609b913000f\" data-module=\"DSLC_TP_Content\" data-dslc-module-size=\"10\" data-dslc-anim=\"none\" data-dslc-anim-delay=\"\" data-dslc-anim-duration=\"650\"  data-dslc-anim-easing=\"ease\" data-dslc-preset=\"none\" >\n<div class=\"dslc-tp-content\"><\/div>\n<\/p><\/div>\n<p><!-- .dslc-module --><\/p>\n<div id=\"dslc-module-23da62645e2\" class=\"dslc-module-front dslc-module-DSLC_Separator dslc-in-viewport-check dslc-in-viewport-anim-none  dslc-col dslc-1-col dslc-last-col  dslc-module-handle-like-regular \" data-module-id=\"23da62645e2\" data-module=\"DSLC_Separator\" data-dslc-module-size=\"1\" data-dslc-anim=\"none\" data-dslc-anim-delay=\"0\" data-dslc-anim-duration=\"650\"  data-dslc-anim-easing=\"ease\" data-dslc-preset=\"none\" >\n<div class=\"dslc-separator-wrapper\">\n<div class=\"dslc-separator dslc-separator-style-invisible\">\n\t\t\t\t\t\t\t\t\t<\/div>\n<div><\/div>\n<\/p><\/div>\n<p><!-- .dslc-separator-wrapper --><\/p><\/div>\n<p><!-- .dslc-module -->\n\t\t<\/div>\n<\/div>\n<\/div>\n<\/div>\n<\/div><\/div>","protected":false},"excerpt":{"rendered":"<p>Carta Mensal Educacional - anteriores<\/p>\n","protected":false},"author":1,"featured_media":0,"parent":0,"menu_order":0,"comment_status":"closed","ping_status":"closed","template":"","meta":[],"yoast_head":"<!-- This site is optimized with the Yoast SEO plugin v21.1 - https:\/\/yoast.com\/wordpress\/plugins\/seo\/ -->\n<title>Carta Mensal Educacional - anteriores - IPAE - Instituto de Pesquisas e Administra\u00e7\u00e3o da Educa\u00e7\u00e3o<\/title>\n<meta name=\"robots\" content=\"index, follow, max-snippet:-1, max-image-preview:large, max-video-preview:-1\" \/>\n<link rel=\"canonical\" href=\"https:\/\/www.ipae.com.br\/ipae\/carta-mensal-educacional-anteriores\/\" \/>\n<meta property=\"og:locale\" content=\"pt_BR\" \/>\n<meta property=\"og:type\" content=\"article\" \/>\n<meta property=\"og:title\" content=\"Carta Mensal Educacional - anteriores - IPAE - Instituto de Pesquisas e Administra\u00e7\u00e3o da Educa\u00e7\u00e3o\" \/>\n<meta property=\"og:description\" content=\"Carta Mensal Educacional - anteriores\" \/>\n<meta property=\"og:url\" content=\"https:\/\/www.ipae.com.br\/ipae\/carta-mensal-educacional-anteriores\/\" \/>\n<meta property=\"og:site_name\" content=\"IPAE - Instituto de Pesquisas e Administra\u00e7\u00e3o da Educa\u00e7\u00e3o\" \/>\n<meta property=\"article:publisher\" content=\"https:\/\/www.facebook.com\/ipae.comunicacao\/\" \/>\n<meta property=\"article:modified_time\" content=\"2022-03-09T20:47:43+00:00\" \/>\n<meta name=\"twitter:card\" content=\"summary_large_image\" \/>\n<meta name=\"twitter:site\" content=\"@ipaeduc\" \/>\n<meta name=\"twitter:label1\" content=\"Est. tempo de leitura\" \/>\n\t<meta name=\"twitter:data1\" content=\"1 minuto\" \/>\n<script type=\"application\/ld+json\" class=\"yoast-schema-graph\">{\"@context\":\"https:\/\/schema.org\",\"@graph\":[{\"@type\":\"WebPage\",\"@id\":\"https:\/\/www.ipae.com.br\/ipae\/carta-mensal-educacional-anteriores\/\",\"url\":\"https:\/\/www.ipae.com.br\/ipae\/carta-mensal-educacional-anteriores\/\",\"name\":\"Carta Mensal Educacional - anteriores - IPAE - Instituto de Pesquisas e Administra\u00e7\u00e3o da Educa\u00e7\u00e3o\",\"isPartOf\":{\"@id\":\"https:\/\/www.ipae.com.br\/ipae\/#website\"},\"datePublished\":\"2021-02-01T16:30:10+00:00\",\"dateModified\":\"2022-03-09T20:47:43+00:00\",\"breadcrumb\":{\"@id\":\"https:\/\/www.ipae.com.br\/ipae\/carta-mensal-educacional-anteriores\/#breadcrumb\"},\"inLanguage\":\"pt-BR\",\"potentialAction\":[{\"@type\":\"ReadAction\",\"target\":[\"https:\/\/www.ipae.com.br\/ipae\/carta-mensal-educacional-anteriores\/\"]}]},{\"@type\":\"BreadcrumbList\",\"@id\":\"https:\/\/www.ipae.com.br\/ipae\/carta-mensal-educacional-anteriores\/#breadcrumb\",\"itemListElement\":[{\"@type\":\"ListItem\",\"position\":1,\"name\":\"In\u00edcio\",\"item\":\"https:\/\/www.ipae.com.br\/ipae\/\"},{\"@type\":\"ListItem\",\"position\":2,\"name\":\"Carta Mensal Educacional &#8211; anteriores\"}]},{\"@type\":\"WebSite\",\"@id\":\"https:\/\/www.ipae.com.br\/ipae\/#website\",\"url\":\"https:\/\/www.ipae.com.br\/ipae\/\",\"name\":\"IPAE - Instituto de Pesquisas e Administra\u00e7\u00e3o da Educa\u00e7\u00e3o\",\"description\":\"\",\"publisher\":{\"@id\":\"https:\/\/www.ipae.com.br\/ipae\/#organization\"},\"potentialAction\":[{\"@type\":\"SearchAction\",\"target\":{\"@type\":\"EntryPoint\",\"urlTemplate\":\"https:\/\/www.ipae.com.br\/ipae\/?s={search_term_string}\"},\"query-input\":\"required name=search_term_string\"}],\"inLanguage\":\"pt-BR\"},{\"@type\":\"Organization\",\"@id\":\"https:\/\/www.ipae.com.br\/ipae\/#organization\",\"name\":\"IPAE - Instituto de Pesquisas e Administra\u00e7\u00e3o da Educa\u00e7\u00e3o\",\"url\":\"https:\/\/www.ipae.com.br\/ipae\/\",\"logo\":{\"@type\":\"ImageObject\",\"inLanguage\":\"pt-BR\",\"@id\":\"https:\/\/www.ipae.com.br\/ipae\/#\/schema\/logo\/image\/\",\"url\":\"http:\/\/www.ipae.com.br\/ipae\/wp-content\/uploads\/2020\/03\/logo_ipae_oficial-1.png\",\"contentUrl\":\"http:\/\/www.ipae.com.br\/ipae\/wp-content\/uploads\/2020\/03\/logo_ipae_oficial-1.png\",\"width\":380,\"height\":122,\"caption\":\"IPAE - Instituto de Pesquisas e Administra\u00e7\u00e3o da Educa\u00e7\u00e3o\"},\"image\":{\"@id\":\"https:\/\/www.ipae.com.br\/ipae\/#\/schema\/logo\/image\/\"},\"sameAs\":[\"https:\/\/www.facebook.com\/ipae.comunicacao\/\",\"https:\/\/twitter.com\/ipaeduc\",\"https:\/\/www.youtube.com\/channel\/UCaPztGYiarI6qGG-Kl-Lv3Q\"]}]}<\/script>\n<!-- \/ Yoast SEO plugin. -->","yoast_head_json":{"title":"Carta Mensal Educacional - anteriores - IPAE - Instituto de Pesquisas e Administra\u00e7\u00e3o da Educa\u00e7\u00e3o","robots":{"index":"index","follow":"follow","max-snippet":"max-snippet:-1","max-image-preview":"max-image-preview:large","max-video-preview":"max-video-preview:-1"},"canonical":"https:\/\/www.ipae.com.br\/ipae\/carta-mensal-educacional-anteriores\/","og_locale":"pt_BR","og_type":"article","og_title":"Carta Mensal Educacional - anteriores - IPAE - Instituto de Pesquisas e Administra\u00e7\u00e3o da Educa\u00e7\u00e3o","og_description":"Carta Mensal Educacional - anteriores","og_url":"https:\/\/www.ipae.com.br\/ipae\/carta-mensal-educacional-anteriores\/","og_site_name":"IPAE - Instituto de Pesquisas e Administra\u00e7\u00e3o da Educa\u00e7\u00e3o","article_publisher":"https:\/\/www.facebook.com\/ipae.comunicacao\/","article_modified_time":"2022-03-09T20:47:43+00:00","twitter_card":"summary_large_image","twitter_site":"@ipaeduc","twitter_misc":{"Est. tempo de leitura":"1 minuto"},"schema":{"@context":"https:\/\/schema.org","@graph":[{"@type":"WebPage","@id":"https:\/\/www.ipae.com.br\/ipae\/carta-mensal-educacional-anteriores\/","url":"https:\/\/www.ipae.com.br\/ipae\/carta-mensal-educacional-anteriores\/","name":"Carta Mensal Educacional - anteriores - IPAE - Instituto de Pesquisas e Administra\u00e7\u00e3o da Educa\u00e7\u00e3o","isPartOf":{"@id":"https:\/\/www.ipae.com.br\/ipae\/#website"},"datePublished":"2021-02-01T16:30:10+00:00","dateModified":"2022-03-09T20:47:43+00:00","breadcrumb":{"@id":"https:\/\/www.ipae.com.br\/ipae\/carta-mensal-educacional-anteriores\/#breadcrumb"},"inLanguage":"pt-BR","potentialAction":[{"@type":"ReadAction","target":["https:\/\/www.ipae.com.br\/ipae\/carta-mensal-educacional-anteriores\/"]}]},{"@type":"BreadcrumbList","@id":"https:\/\/www.ipae.com.br\/ipae\/carta-mensal-educacional-anteriores\/#breadcrumb","itemListElement":[{"@type":"ListItem","position":1,"name":"In\u00edcio","item":"https:\/\/www.ipae.com.br\/ipae\/"},{"@type":"ListItem","position":2,"name":"Carta Mensal Educacional &#8211; anteriores"}]},{"@type":"WebSite","@id":"https:\/\/www.ipae.com.br\/ipae\/#website","url":"https:\/\/www.ipae.com.br\/ipae\/","name":"IPAE - Instituto de Pesquisas e Administra\u00e7\u00e3o da Educa\u00e7\u00e3o","description":"","publisher":{"@id":"https:\/\/www.ipae.com.br\/ipae\/#organization"},"potentialAction":[{"@type":"SearchAction","target":{"@type":"EntryPoint","urlTemplate":"https:\/\/www.ipae.com.br\/ipae\/?s={search_term_string}"},"query-input":"required name=search_term_string"}],"inLanguage":"pt-BR"},{"@type":"Organization","@id":"https:\/\/www.ipae.com.br\/ipae\/#organization","name":"IPAE - Instituto de Pesquisas e Administra\u00e7\u00e3o da Educa\u00e7\u00e3o","url":"https:\/\/www.ipae.com.br\/ipae\/","logo":{"@type":"ImageObject","inLanguage":"pt-BR","@id":"https:\/\/www.ipae.com.br\/ipae\/#\/schema\/logo\/image\/","url":"http:\/\/www.ipae.com.br\/ipae\/wp-content\/uploads\/2020\/03\/logo_ipae_oficial-1.png","contentUrl":"http:\/\/www.ipae.com.br\/ipae\/wp-content\/uploads\/2020\/03\/logo_ipae_oficial-1.png","width":380,"height":122,"caption":"IPAE - Instituto de Pesquisas e Administra\u00e7\u00e3o da Educa\u00e7\u00e3o"},"image":{"@id":"https:\/\/www.ipae.com.br\/ipae\/#\/schema\/logo\/image\/"},"sameAs":["https:\/\/www.facebook.com\/ipae.comunicacao\/","https:\/\/twitter.com\/ipaeduc","https:\/\/www.youtube.com\/channel\/UCaPztGYiarI6qGG-Kl-Lv3Q"]}]}},"_links":{"self":[{"href":"https:\/\/www.ipae.com.br\/ipae\/wp-json\/wp\/v2\/pages\/2206"}],"collection":[{"href":"https:\/\/www.ipae.com.br\/ipae\/wp-json\/wp\/v2\/pages"}],"about":[{"href":"https:\/\/www.ipae.com.br\/ipae\/wp-json\/wp\/v2\/types\/page"}],"author":[{"embeddable":true,"href":"https:\/\/www.ipae.com.br\/ipae\/wp-json\/wp\/v2\/users\/1"}],"replies":[{"embeddable":true,"href":"https:\/\/www.ipae.com.br\/ipae\/wp-json\/wp\/v2\/comments?post=2206"}],"version-history":[{"count":4,"href":"https:\/\/www.ipae.com.br\/ipae\/wp-json\/wp\/v2\/pages\/2206\/revisions"}],"predecessor-version":[{"id":3924,"href":"https:\/\/www.ipae.com.br\/ipae\/wp-json\/wp\/v2\/pages\/2206\/revisions\/3924"}],"wp:attachment":[{"href":"https:\/\/www.ipae.com.br\/ipae\/wp-json\/wp\/v2\/media?parent=2206"}],"curies":[{"name":"wp","href":"https:\/\/api.w.org\/{rel}","templated":true}]}}