{"id":215,"date":"2020-03-16T18:05:17","date_gmt":"2020-03-16T21:05:17","guid":{"rendered":"http:\/\/www.ipae.com.br\/ipae\/areas-de-atuacao-copy\/"},"modified":"2020-05-07T09:59:20","modified_gmt":"2020-05-07T12:59:20","slug":"educacao-a-distancia","status":"publish","type":"page","link":"https:\/\/www.ipae.com.br\/ipae\/educacao-a-distancia\/","title":{"rendered":"Educa\u00e7\u00e3o a dist\u00e2ncia"},"content":{"rendered":"<div id=\"dslc-main\">\r\n\t\t<div  class=\"dslc-modules-section \" style=\"\" data-section-id=\"36c91aa494b\">\r\n\t\t\t\t\r\n\t\t\t\t\r\n\t\t\t\t<div class=\"dslc-modules-section-wrapper dslc-clearfix\"><div class=\"dslc-modules-area dslc-col dslc-12-col dslc-last-col dslc-valign- \" data-size=\"12\" data-valign=\"\">\n\t\t<div id=\"dslc-module-5ff9f627a5e\" class=\"dslc-module-front dslc-module-DSLC_TP_Title dslc-in-viewport-check dslc-in-viewport-anim-none  dslc-col dslc-12-col dslc-last-col  dslc-module-handle-like-regular \" data-module-id=\"5ff9f627a5e\" data-module=\"DSLC_TP_Title\" data-dslc-module-size=\"12\" data-dslc-anim=\"none\" data-dslc-anim-delay=\"\" data-dslc-anim-duration=\"650\"  data-dslc-anim-easing=\"ease\" data-dslc-preset=\"none\" >\n\n\t\t\t\n\t\t\t\n\t\t\n\t<div class=\"dslc-tp-title\">\n\t\t\t\t\t<div class=\"dslc-tp-title\"><h1>Educa\u00e7\u00e3o a dist\u00e2ncia<\/h1><\/div>\n\t\t\t<\/div>\n\n\t\n\t\t\t\t<\/div><!-- .dslc-module -->\n\t\t\n\t\t<div id=\"dslc-module-33ccfbf4e41\" class=\"dslc-module-front dslc-module-DSLC_Separator dslc-in-viewport-check dslc-in-viewport-anim-none  dslc-col dslc-1-col  dslc-module-handle-like-regular \" data-module-id=\"33ccfbf4e41\" data-module=\"DSLC_Separator\" data-dslc-module-size=\"1\" data-dslc-anim=\"none\" data-dslc-anim-delay=\"0\" data-dslc-anim-duration=\"650\"  data-dslc-anim-easing=\"ease\" data-dslc-preset=\"none\" >\n\n\t\t\t\n\t\t\t\n\t\t\t\t\t<div class=\"dslc-separator-wrapper\">\n\t\t\t\t<div class=\"dslc-separator dslc-separator-style-invisible\">\n\t\t\t\t\t\t\t\t\t<\/div>\n\t\t\t\t<div><\/div>\n\t\t\t<\/div><!-- .dslc-separator-wrapper -->\n\t\t\t\n\t\t\t\t<\/div><!-- .dslc-module -->\n\t\t\n\t\t<div id=\"dslc-module-609b913000f\" class=\"dslc-module-front dslc-module-DSLC_TP_Content dslc-in-viewport-check dslc-in-viewport-anim-none  dslc-col dslc-10-col  dslc-module-handle-like-regular \" data-module-id=\"609b913000f\" data-module=\"DSLC_TP_Content\" data-dslc-module-size=\"10\" data-dslc-anim=\"none\" data-dslc-anim-delay=\"\" data-dslc-anim-duration=\"650\"  data-dslc-anim-easing=\"ease\" data-dslc-preset=\"none\" >\n\n\t\t\t\n\t\t\t\n\t\t<div class=\"dslc-tp-content\"><\/div>\n\t\t\t\t<\/div><!-- .dslc-module -->\n\t\t\n\t\t<div id=\"dslc-module-bcae6bca4f4\" class=\"dslc-module-front dslc-module-DSLC_Separator dslc-in-viewport-check dslc-in-viewport-anim-none  dslc-col dslc-1-col dslc-last-col  dslc-module-handle-like-regular \" data-module-id=\"bcae6bca4f4\" data-module=\"DSLC_Separator\" data-dslc-module-size=\"1\" data-dslc-anim=\"none\" data-dslc-anim-delay=\"0\" data-dslc-anim-duration=\"650\"  data-dslc-anim-easing=\"ease\" data-dslc-preset=\"none\" >\n\n\t\t\t\n\t\t\t\n\t\t\t\t\t<div class=\"dslc-separator-wrapper\">\n\t\t\t\t<div class=\"dslc-separator dslc-separator-style-invisible\">\n\t\t\t\t\t\t\t\t\t<\/div>\n\t\t\t\t<div><\/div>\n\t\t\t<\/div><!-- .dslc-separator-wrapper -->\n\t\t\t\n\t\t\t\t<\/div><!-- .dslc-module -->\n\t\t<\/div><\/div><\/div><\/div>","protected":false},"excerpt":{"rendered":"<p>Educa\u00e7\u00e3o a dist\u00e2ncia<\/p>\n","protected":false},"author":1,"featured_media":0,"parent":0,"menu_order":0,"comment_status":"closed","ping_status":"closed","template":"","meta":[],"yoast_head":"<!-- This site is optimized with the Yoast SEO plugin v21.1 - https:\/\/yoast.com\/wordpress\/plugins\/seo\/ -->\n<title>Educa\u00e7\u00e3o a dist\u00e2ncia - IPAE - Instituto de Pesquisas e Administra\u00e7\u00e3o da Educa\u00e7\u00e3o<\/title>\n<meta name=\"robots\" content=\"index, follow, max-snippet:-1, max-image-preview:large, max-video-preview:-1\" \/>\n<link rel=\"canonical\" href=\"https:\/\/www.ipae.com.br\/ipae\/educacao-a-distancia\/\" \/>\n<meta property=\"og:locale\" content=\"pt_BR\" \/>\n<meta property=\"og:type\" content=\"article\" \/>\n<meta property=\"og:title\" content=\"Educa\u00e7\u00e3o a dist\u00e2ncia - IPAE - Instituto de Pesquisas e Administra\u00e7\u00e3o da Educa\u00e7\u00e3o\" \/>\n<meta property=\"og:description\" content=\"Educa\u00e7\u00e3o a dist\u00e2ncia\" \/>\n<meta property=\"og:url\" content=\"https:\/\/www.ipae.com.br\/ipae\/educacao-a-distancia\/\" \/>\n<meta property=\"og:site_name\" content=\"IPAE - Instituto de Pesquisas e Administra\u00e7\u00e3o da Educa\u00e7\u00e3o\" \/>\n<meta property=\"article:publisher\" content=\"https:\/\/www.facebook.com\/ipae.comunicacao\/\" \/>\n<meta property=\"article:modified_time\" content=\"2020-05-07T12:59:20+00:00\" \/>\n<meta name=\"twitter:card\" content=\"summary_large_image\" \/>\n<meta name=\"twitter:site\" content=\"@ipaeduc\" \/>\n<script type=\"application\/ld+json\" class=\"yoast-schema-graph\">{\"@context\":\"https:\/\/schema.org\",\"@graph\":[{\"@type\":\"WebPage\",\"@id\":\"https:\/\/www.ipae.com.br\/ipae\/educacao-a-distancia\/\",\"url\":\"https:\/\/www.ipae.com.br\/ipae\/educacao-a-distancia\/\",\"name\":\"Educa\u00e7\u00e3o a dist\u00e2ncia - IPAE - Instituto de Pesquisas e Administra\u00e7\u00e3o da Educa\u00e7\u00e3o\",\"isPartOf\":{\"@id\":\"https:\/\/www.ipae.com.br\/ipae\/#website\"},\"datePublished\":\"2020-03-16T21:05:17+00:00\",\"dateModified\":\"2020-05-07T12:59:20+00:00\",\"breadcrumb\":{\"@id\":\"https:\/\/www.ipae.com.br\/ipae\/educacao-a-distancia\/#breadcrumb\"},\"inLanguage\":\"pt-BR\",\"potentialAction\":[{\"@type\":\"ReadAction\",\"target\":[\"https:\/\/www.ipae.com.br\/ipae\/educacao-a-distancia\/\"]}]},{\"@type\":\"BreadcrumbList\",\"@id\":\"https:\/\/www.ipae.com.br\/ipae\/educacao-a-distancia\/#breadcrumb\",\"itemListElement\":[{\"@type\":\"ListItem\",\"position\":1,\"name\":\"In\u00edcio\",\"item\":\"https:\/\/www.ipae.com.br\/ipae\/\"},{\"@type\":\"ListItem\",\"position\":2,\"name\":\"Educa\u00e7\u00e3o a dist\u00e2ncia\"}]},{\"@type\":\"WebSite\",\"@id\":\"https:\/\/www.ipae.com.br\/ipae\/#website\",\"url\":\"https:\/\/www.ipae.com.br\/ipae\/\",\"name\":\"IPAE - Instituto de Pesquisas e Administra\u00e7\u00e3o da Educa\u00e7\u00e3o\",\"description\":\"\",\"publisher\":{\"@id\":\"https:\/\/www.ipae.com.br\/ipae\/#organization\"},\"potentialAction\":[{\"@type\":\"SearchAction\",\"target\":{\"@type\":\"EntryPoint\",\"urlTemplate\":\"https:\/\/www.ipae.com.br\/ipae\/?s={search_term_string}\"},\"query-input\":\"required name=search_term_string\"}],\"inLanguage\":\"pt-BR\"},{\"@type\":\"Organization\",\"@id\":\"https:\/\/www.ipae.com.br\/ipae\/#organization\",\"name\":\"IPAE - Instituto de Pesquisas e Administra\u00e7\u00e3o da Educa\u00e7\u00e3o\",\"url\":\"https:\/\/www.ipae.com.br\/ipae\/\",\"logo\":{\"@type\":\"ImageObject\",\"inLanguage\":\"pt-BR\",\"@id\":\"https:\/\/www.ipae.com.br\/ipae\/#\/schema\/logo\/image\/\",\"url\":\"http:\/\/www.ipae.com.br\/ipae\/wp-content\/uploads\/2020\/03\/logo_ipae_oficial-1.png\",\"contentUrl\":\"http:\/\/www.ipae.com.br\/ipae\/wp-content\/uploads\/2020\/03\/logo_ipae_oficial-1.png\",\"width\":380,\"height\":122,\"caption\":\"IPAE - Instituto de Pesquisas e Administra\u00e7\u00e3o da Educa\u00e7\u00e3o\"},\"image\":{\"@id\":\"https:\/\/www.ipae.com.br\/ipae\/#\/schema\/logo\/image\/\"},\"sameAs\":[\"https:\/\/www.facebook.com\/ipae.comunicacao\/\",\"https:\/\/twitter.com\/ipaeduc\",\"https:\/\/www.youtube.com\/channel\/UCaPztGYiarI6qGG-Kl-Lv3Q\"]}]}<\/script>\n<!-- \/ Yoast SEO plugin. -->","yoast_head_json":{"title":"Educa\u00e7\u00e3o a dist\u00e2ncia - IPAE - Instituto de Pesquisas e Administra\u00e7\u00e3o da Educa\u00e7\u00e3o","robots":{"index":"index","follow":"follow","max-snippet":"max-snippet:-1","max-image-preview":"max-image-preview:large","max-video-preview":"max-video-preview:-1"},"canonical":"https:\/\/www.ipae.com.br\/ipae\/educacao-a-distancia\/","og_locale":"pt_BR","og_type":"article","og_title":"Educa\u00e7\u00e3o a dist\u00e2ncia - IPAE - Instituto de Pesquisas e Administra\u00e7\u00e3o da Educa\u00e7\u00e3o","og_description":"Educa\u00e7\u00e3o a dist\u00e2ncia","og_url":"https:\/\/www.ipae.com.br\/ipae\/educacao-a-distancia\/","og_site_name":"IPAE - Instituto de Pesquisas e Administra\u00e7\u00e3o da Educa\u00e7\u00e3o","article_publisher":"https:\/\/www.facebook.com\/ipae.comunicacao\/","article_modified_time":"2020-05-07T12:59:20+00:00","twitter_card":"summary_large_image","twitter_site":"@ipaeduc","schema":{"@context":"https:\/\/schema.org","@graph":[{"@type":"WebPage","@id":"https:\/\/www.ipae.com.br\/ipae\/educacao-a-distancia\/","url":"https:\/\/www.ipae.com.br\/ipae\/educacao-a-distancia\/","name":"Educa\u00e7\u00e3o a dist\u00e2ncia - IPAE - Instituto de Pesquisas e Administra\u00e7\u00e3o da Educa\u00e7\u00e3o","isPartOf":{"@id":"https:\/\/www.ipae.com.br\/ipae\/#website"},"datePublished":"2020-03-16T21:05:17+00:00","dateModified":"2020-05-07T12:59:20+00:00","breadcrumb":{"@id":"https:\/\/www.ipae.com.br\/ipae\/educacao-a-distancia\/#breadcrumb"},"inLanguage":"pt-BR","potentialAction":[{"@type":"ReadAction","target":["https:\/\/www.ipae.com.br\/ipae\/educacao-a-distancia\/"]}]},{"@type":"BreadcrumbList","@id":"https:\/\/www.ipae.com.br\/ipae\/educacao-a-distancia\/#breadcrumb","itemListElement":[{"@type":"ListItem","position":1,"name":"In\u00edcio","item":"https:\/\/www.ipae.com.br\/ipae\/"},{"@type":"ListItem","position":2,"name":"Educa\u00e7\u00e3o a dist\u00e2ncia"}]},{"@type":"WebSite","@id":"https:\/\/www.ipae.com.br\/ipae\/#website","url":"https:\/\/www.ipae.com.br\/ipae\/","name":"IPAE - Instituto de Pesquisas e Administra\u00e7\u00e3o da Educa\u00e7\u00e3o","description":"","publisher":{"@id":"https:\/\/www.ipae.com.br\/ipae\/#organization"},"potentialAction":[{"@type":"SearchAction","target":{"@type":"EntryPoint","urlTemplate":"https:\/\/www.ipae.com.br\/ipae\/?s={search_term_string}"},"query-input":"required name=search_term_string"}],"inLanguage":"pt-BR"},{"@type":"Organization","@id":"https:\/\/www.ipae.com.br\/ipae\/#organization","name":"IPAE - Instituto de Pesquisas e Administra\u00e7\u00e3o da Educa\u00e7\u00e3o","url":"https:\/\/www.ipae.com.br\/ipae\/","logo":{"@type":"ImageObject","inLanguage":"pt-BR","@id":"https:\/\/www.ipae.com.br\/ipae\/#\/schema\/logo\/image\/","url":"http:\/\/www.ipae.com.br\/ipae\/wp-content\/uploads\/2020\/03\/logo_ipae_oficial-1.png","contentUrl":"http:\/\/www.ipae.com.br\/ipae\/wp-content\/uploads\/2020\/03\/logo_ipae_oficial-1.png","width":380,"height":122,"caption":"IPAE - Instituto de Pesquisas e Administra\u00e7\u00e3o da Educa\u00e7\u00e3o"},"image":{"@id":"https:\/\/www.ipae.com.br\/ipae\/#\/schema\/logo\/image\/"},"sameAs":["https:\/\/www.facebook.com\/ipae.comunicacao\/","https:\/\/twitter.com\/ipaeduc","https:\/\/www.youtube.com\/channel\/UCaPztGYiarI6qGG-Kl-Lv3Q"]}]}},"_links":{"self":[{"href":"https:\/\/www.ipae.com.br\/ipae\/wp-json\/wp\/v2\/pages\/215"}],"collection":[{"href":"https:\/\/www.ipae.com.br\/ipae\/wp-json\/wp\/v2\/pages"}],"about":[{"href":"https:\/\/www.ipae.com.br\/ipae\/wp-json\/wp\/v2\/types\/page"}],"author":[{"embeddable":true,"href":"https:\/\/www.ipae.com.br\/ipae\/wp-json\/wp\/v2\/users\/1"}],"replies":[{"embeddable":true,"href":"https:\/\/www.ipae.com.br\/ipae\/wp-json\/wp\/v2\/comments?post=215"}],"version-history":[{"count":2,"href":"https:\/\/www.ipae.com.br\/ipae\/wp-json\/wp\/v2\/pages\/215\/revisions"}],"predecessor-version":[{"id":581,"href":"https:\/\/www.ipae.com.br\/ipae\/wp-json\/wp\/v2\/pages\/215\/revisions\/581"}],"wp:attachment":[{"href":"https:\/\/www.ipae.com.br\/ipae\/wp-json\/wp\/v2\/media?parent=215"}],"curies":[{"name":"wp","href":"https:\/\/api.w.org\/{rel}","templated":true}]}}